{"id":2453,"date":"2021-12-20T18:07:18","date_gmt":"2021-12-20T18:07:18","guid":{"rendered":"https:\/\/ams-switzerland.ch\/membres\/"},"modified":"2022-07-15T12:46:16","modified_gmt":"2022-07-15T12:46:16","slug":"membres","status":"publish","type":"page","link":"https:\/\/ams-switzerland.ch\/fr\/membres\/","title":{"rendered":"Membres"},"content":{"rendered":"\t\t<div data-elementor-type=\"wp-page\" data-elementor-id=\"2453\" class=\"elementor elementor-2453 elementor-340\" data-elementor-post-type=\"page\">\n\t\t\t\t\t\t<section class=\"elementor-section elementor-top-section elementor-element elementor-element-9a4c2ca elementor-section-boxed elementor-section-height-default elementor-section-height-default\" data-id=\"9a4c2ca\" data-element_type=\"section\" data-e-type=\"section\">\n\t\t\t\t\t\t<div class=\"elementor-container elementor-column-gap-default\">\n\t\t\t\t\t<div class=\"elementor-column elementor-col-100 elementor-top-column elementor-element elementor-element-14e138e\" data-id=\"14e138e\" data-element_type=\"column\" data-e-type=\"column\">\n\t\t\t<div class=\"elementor-widget-wrap elementor-element-populated\">\n\t\t\t\t\t\t<div class=\"elementor-element elementor-element-c6ff209 elementor-widget elementor-widget-heading\" data-id=\"c6ff209\" data-element_type=\"widget\" data-e-type=\"widget\" data-widget_type=\"heading.default\">\n\t\t\t\t<div class=\"elementor-widget-container\">\n\t\t\t\t\t<h2 class=\"elementor-heading-title elementor-size-default\">Membres<\/h2>\t\t\t\t<\/div>\n\t\t\t\t<\/div>\n\t\t\t\t<div class=\"elementor-element elementor-element-bbcfaed elementor-widget elementor-widget-text-editor\" data-id=\"bbcfaed\" data-element_type=\"widget\" data-e-type=\"widget\" data-widget_type=\"text-editor.default\">\n\t\t\t\t<div class=\"elementor-widget-container\">\n\t\t\t\t\t\t\t\t\t<p>L\u2019AMS compte actuellement 12&nbsp;membres et englobe ainsi les secteurs de la Business Administration et des services de toutes les hautes \u00e9coles sp\u00e9cialis\u00e9es ou instituts de hautes \u00e9coles sp\u00e9cialis\u00e9es de Suisse accr\u00e9dit\u00e9s selon la loi sur l\u2019encouragement et la coordination des hautes \u00e9coles.<\/p>\t\t\t\t\t\t\t\t<\/div>\n\t\t\t\t<\/div>\n\t\t\t\t\t<\/div>\n\t\t<\/div>\n\t\t\t\t\t<\/div>\n\t\t<\/section>\n\t\t\t\t<section class=\"elementor-section elementor-top-section elementor-element elementor-element-c7ce012 elementor-section-boxed elementor-section-height-default elementor-section-height-default\" data-id=\"c7ce012\" data-element_type=\"section\" data-e-type=\"section\">\n\t\t\t\t\t\t<div class=\"elementor-container elementor-column-gap-default\">\n\t\t\t\t\t<div class=\"elementor-column elementor-col-100 elementor-top-column elementor-element elementor-element-47875a6\" data-id=\"47875a6\" data-element_type=\"column\" data-e-type=\"column\">\n\t\t\t<div class=\"elementor-widget-wrap elementor-element-populated\">\n\t\t\t\t\t\t<div class=\"elementor-element elementor-element-0414c8a elementor-widget elementor-widget-heading\" data-id=\"0414c8a\" data-element_type=\"widget\" data-e-type=\"widget\" data-widget_type=\"heading.default\">\n\t\t\t\t<div class=\"elementor-widget-container\">\n\t\t\t\t\t<h3 class=\"elementor-heading-title elementor-size-default\">Assembl\u00e9e g\u00e9n\u00e9rale<\/h3>\t\t\t\t<\/div>\n\t\t\t\t<\/div>\n\t\t\t\t<div class=\"elementor-element elementor-element-94932da elementor-widget elementor-widget-text-editor\" data-id=\"94932da\" data-element_type=\"widget\" data-e-type=\"widget\" data-widget_type=\"text-editor.default\">\n\t\t\t\t<div class=\"elementor-widget-container\">\n\t\t\t\t\t\t\t\t\t<p>Les membres de l\u2019AMS se r\u00e9unissent une fois par an (g\u00e9n\u00e9ralement en mars) \u00e0 l\u2019occasion de leur assembl\u00e9e g\u00e9n\u00e9rale. Outre les affaires statutaires, un th\u00e8me central est toujours abord\u00e9 lors de ces assembl\u00e9es.\u00a0<\/p>\n\t\t\t\t\t\t\t\t<\/div>\n\t\t\t\t<\/div>\n\t\t\t\t\t<\/div>\n\t\t<\/div>\n\t\t\t\t\t<\/div>\n\t\t<\/section>\n\t\t\t\t<section class=\"elementor-section elementor-top-section elementor-element elementor-element-4f22769 elementor-section-boxed elementor-section-height-default elementor-section-height-default\" data-id=\"4f22769\" data-element_type=\"section\" data-e-type=\"section\">\n\t\t\t\t\t\t<div class=\"elementor-container elementor-column-gap-default\">\n\t\t\t\t\t<div class=\"elementor-column elementor-col-100 elementor-top-column elementor-element elementor-element-ad38d09\" data-id=\"ad38d09\" data-element_type=\"column\" data-e-type=\"column\">\n\t\t\t<div class=\"elementor-widget-wrap elementor-element-populated\">\n\t\t\t\t\t\t<div class=\"elementor-element elementor-element-254716d elementor-widget elementor-widget-shortcode\" data-id=\"254716d\" data-element_type=\"widget\" data-e-type=\"widget\" data-widget_type=\"shortcode.default\">\n\t\t\t\t<div class=\"elementor-widget-container\">\n\t\t\t\t\t\t\t<div class=\"elementor-shortcode\"><style>\r\n  \r\n  body {\r\n  \tbackground-color:white;\r\n  }\r\n  .map-marker {\r\n    border-radius: 1em;\r\n    padding: 5px 15px 5px 10px;\r\n    display: inline-block;\r\n    background-color: #d3d0e7;\r\n    font-size: 14px;\r\n    transition:0.2s all;\r\n    text-decoration:none;\r\n    color: black;\r\n    box-shadow: 1px 1px 2px rgba(0,0,0,0.65);\r\n}\r\n  \r\n  .map-marker.map-clickable:hover {\r\n  \t  cursor: pointer;\r\n      box-shadow: 3px 3px 5px rgba(0,0,0,0.65);\r\n  }\r\n  \r\n  .map-marker .short {\r\n    position: relative;\r\n    left: 15px;\r\n    margin-right: 10px;\r\n  }\r\n\r\n.map-marker .text {\r\n  position: relative;\r\n  top: 0;\r\n  left: 15px;\r\n  margin-right: 10px;\r\n  display:inline-block;\r\n  display:none;\r\n  \r\n  transition:0.3s all;\r\n}\r\n\r\n.map-marker:hover .text {\r\n  display:inline-block;\r\n}\r\n\r\n.map-marker:hover .short {\r\n  display:none;\r\n}\r\n\r\n.map-marker .dot {\r\n    position: absolute;\r\n    display: inline-block;\r\n    width: 10px;\r\n    height: 10px;\r\n    border-radius: 100%;\r\n    top: 10px;\r\n    left: 8px;\r\n    margin-right: 5px;\r\n}\r\n  \r\n  .bg-bfh { background-color:#e9cb6e }\r\n  .bg-fhgr { background-color:#584200 }\r\n  .bg-fhnw { background-color:#a66d21 }\r\n  .bg-hes-so { background-color:#c4a33f }\r\n  .bg-hslu { background-color:#a68521 }\r\n  .bg-ost { background-color:#c48b3f }\r\n  .bg-supsi { background-color:#836400 }\r\n  .bg-zhaw { background-color:#834e08 }\r\n  .bg-ffhs { background-color:#9b5094 }\r\n  .bg-hwz { background-color:#f45b69 }\r\n  .bg-kalaidos-fh { background-color:#a27035 }\r\n  .bg-heg-arc { background-color:#c4a33f }\r\n  \r\n  @media screen and (max-width: 767px) {\r\n    .map-marker {\r\n    \tpadding: 0px 10px 0px 0px;\r\n      \tfont-size: 12px;\r\n    }\r\n    \r\n    .map-marker .dot {\r\n      top: 4px;\r\n      left: 4px;\r\n    }\r\n  }\r\n\r\n<\/style>\r\n\r\n<div id=\"amchart1\" style=\"width: 100%; max-width: 100% !important; height: 500px; position: relative\"><\/div><\/div>\n\t\t\t\t\t\t<\/div>\n\t\t\t\t<\/div>\n\t\t\t\t\t<\/div>\n\t\t<\/div>\n\t\t\t\t\t<\/div>\n\t\t<\/section>\n\t\t\t\t<section class=\"elementor-section elementor-top-section elementor-element elementor-element-7f92adc elementor-section-boxed elementor-section-height-default elementor-section-height-default\" data-id=\"7f92adc\" data-element_type=\"section\" data-e-type=\"section\">\n\t\t\t\t\t\t<div class=\"elementor-container elementor-column-gap-default\">\n\t\t\t\t\t<div class=\"elementor-column elementor-col-100 elementor-top-column elementor-element elementor-element-a40c495\" data-id=\"a40c495\" data-element_type=\"column\" data-e-type=\"column\">\n\t\t\t<div class=\"elementor-widget-wrap\">\n\t\t\t\t\t\t\t<\/div>\n\t\t<\/div>\n\t\t\t\t\t<\/div>\n\t\t<\/section>\n\t\t\t\t<\/div>\n\t\t","protected":false},"excerpt":{"rendered":"<p>Membres L\u2019AMS compte actuellement 12&nbsp;membres et englobe ainsi les secteurs de la Business Administration et des services de toutes les hautes \u00e9coles sp\u00e9cialis\u00e9es ou instituts de hautes \u00e9coles sp\u00e9cialis\u00e9es de Suisse accr\u00e9dit\u00e9s selon la loi sur l\u2019encouragement et la coordination des hautes \u00e9coles. Assembl\u00e9e g\u00e9n\u00e9rale Les membres de l\u2019AMS se r\u00e9unissent une fois par an [&hellip;]<\/p>\n","protected":false},"author":1,"featured_media":0,"parent":0,"menu_order":0,"comment_status":"closed","ping_status":"closed","template":"elementor_theme","meta":{"footnotes":""},"class_list":["post-2453","page","type-page","status-publish","hentry"],"_links":{"self":[{"href":"https:\/\/ams-switzerland.ch\/fr\/wp-json\/wp\/v2\/pages\/2453","targetHints":{"allow":["GET"]}}],"collection":[{"href":"https:\/\/ams-switzerland.ch\/fr\/wp-json\/wp\/v2\/pages"}],"about":[{"href":"https:\/\/ams-switzerland.ch\/fr\/wp-json\/wp\/v2\/types\/page"}],"author":[{"embeddable":true,"href":"https:\/\/ams-switzerland.ch\/fr\/wp-json\/wp\/v2\/users\/1"}],"replies":[{"embeddable":true,"href":"https:\/\/ams-switzerland.ch\/fr\/wp-json\/wp\/v2\/comments?post=2453"}],"version-history":[{"count":4,"href":"https:\/\/ams-switzerland.ch\/fr\/wp-json\/wp\/v2\/pages\/2453\/revisions"}],"predecessor-version":[{"id":4197,"href":"https:\/\/ams-switzerland.ch\/fr\/wp-json\/wp\/v2\/pages\/2453\/revisions\/4197"}],"wp:attachment":[{"href":"https:\/\/ams-switzerland.ch\/fr\/wp-json\/wp\/v2\/media?parent=2453"}],"curies":[{"name":"wp","href":"https:\/\/api.w.org\/{rel}","templated":true}]}}