{"id":2457,"date":"2021-12-20T18:08:50","date_gmt":"2021-12-20T18:08:50","guid":{"rendered":"https:\/\/ams-switzerland.ch\/portrait\/"},"modified":"2025-11-18T10:51:30","modified_gmt":"2025-11-18T10:51:30","slug":"portrait","status":"publish","type":"page","link":"https:\/\/ams-switzerland.ch\/fr\/","title":{"rendered":"Portrait"},"content":{"rendered":"\t\t<div data-elementor-type=\"wp-page\" data-elementor-id=\"2457\" class=\"elementor elementor-2457 elementor-328\" data-elementor-post-type=\"page\">\n\t\t\t\t\t\t<section class=\"elementor-section elementor-top-section elementor-element elementor-element-7e490ce elementor-section-boxed elementor-section-height-default elementor-section-height-default\" data-id=\"7e490ce\" data-element_type=\"section\" data-e-type=\"section\">\n\t\t\t\t\t\t<div class=\"elementor-container elementor-column-gap-default\">\n\t\t\t\t\t<div class=\"elementor-column elementor-col-100 elementor-top-column elementor-element elementor-element-6306d58\" data-id=\"6306d58\" data-element_type=\"column\" data-e-type=\"column\">\n\t\t\t<div class=\"elementor-widget-wrap elementor-element-populated\">\n\t\t\t\t\t\t<div class=\"elementor-element elementor-element-0573f15 elementor-widget elementor-widget-heading\" data-id=\"0573f15\" data-element_type=\"widget\" data-e-type=\"widget\" data-widget_type=\"heading.default\">\n\t\t\t\t<div class=\"elementor-widget-container\">\n\t\t\t\t\t<h2 class=\"elementor-heading-title elementor-size-default\">Portrait<\/h2>\t\t\t\t<\/div>\n\t\t\t\t<\/div>\n\t\t\t\t\t<\/div>\n\t\t<\/div>\n\t\t\t\t\t<\/div>\n\t\t<\/section>\n\t\t\t\t<section class=\"elementor-section elementor-top-section elementor-element elementor-element-b61156e elementor-section-boxed elementor-section-height-default elementor-section-height-default\" data-id=\"b61156e\" data-element_type=\"section\" data-e-type=\"section\">\n\t\t\t\t\t\t<div class=\"elementor-container elementor-column-gap-default\">\n\t\t\t\t\t<div class=\"elementor-column elementor-col-50 elementor-top-column elementor-element elementor-element-d80fafc\" data-id=\"d80fafc\" data-element_type=\"column\" data-e-type=\"column\">\n\t\t\t<div class=\"elementor-widget-wrap elementor-element-populated\">\n\t\t\t\t\t\t<div class=\"elementor-element elementor-element-95345ba elementor-blockquote--skin-boxed elementor-widget__width-initial elementor-widget elementor-widget-blockquote\" data-id=\"95345ba\" data-element_type=\"widget\" data-e-type=\"widget\" data-widget_type=\"blockquote.default\">\n\t\t\t\t<div class=\"elementor-widget-container\">\n\t\t\t\t\t\t\t<blockquote class=\"elementor-blockquote\">\n\t\t\t<p class=\"elementor-blockquote__content\">\n\t\t\t\tL\u2019Association of Management Schools Switzerland (AMS) est l\u2019association des d\u00e9partements de Business Administration des hautes \u00e9coles sp\u00e9cialis\u00e9es suisses. L\u2019AMS a \u00e9t\u00e9 fond\u00e9e en 2009. \t\t\t<\/p>\n\t\t\t\t\t<\/blockquote>\n\t\t\t\t\t\t<\/div>\n\t\t\t\t<\/div>\n\t\t\t\t\t<\/div>\n\t\t<\/div>\n\t\t\t\t<div class=\"elementor-column elementor-col-50 elementor-top-column elementor-element elementor-element-7911fe2\" data-id=\"7911fe2\" data-element_type=\"column\" data-e-type=\"column\">\n\t\t\t<div class=\"elementor-widget-wrap elementor-element-populated\">\n\t\t\t\t\t\t<div class=\"elementor-element elementor-element-61bf8ce elementor-align-right elementor-widget elementor-widget-button\" data-id=\"61bf8ce\" data-element_type=\"widget\" data-e-type=\"widget\" data-widget_type=\"button.default\">\n\t\t\t\t<div class=\"elementor-widget-container\">\n\t\t\t\t\t\t\t\t\t<div class=\"elementor-button-wrapper\">\n\t\t\t\t\t<a class=\"elementor-button elementor-button-link elementor-size-sm\" href=\"https:\/\/ams-switzerland.ch\/wp-content\/uploads\/2024\/12\/AMS-Statuten-2022_fr.pdf\" target=\"_blank\">\n\t\t\t\t\t\t<span class=\"elementor-button-content-wrapper\">\n\t\t\t\t\t\t<span class=\"elementor-button-icon\">\n\t\t\t\t<i aria-hidden=\"true\" class=\"far fa-file\"><\/i>\t\t\t<\/span>\n\t\t\t\t\t\t\t\t\t<span class=\"elementor-button-text\">Statuts<\/span>\n\t\t\t\t\t<\/span>\n\t\t\t\t\t<\/a>\n\t\t\t\t<\/div>\n\t\t\t\t\t\t\t\t<\/div>\n\t\t\t\t<\/div>\n\t\t\t\t\t<\/div>\n\t\t<\/div>\n\t\t\t\t\t<\/div>\n\t\t<\/section>\n\t\t\t\t<section class=\"elementor-section elementor-top-section elementor-element elementor-element-f75c276 elementor-section-boxed elementor-section-height-default elementor-section-height-default\" data-id=\"f75c276\" data-element_type=\"section\" data-e-type=\"section\">\n\t\t\t\t\t\t<div class=\"elementor-container elementor-column-gap-default\">\n\t\t\t\t\t<div class=\"elementor-column elementor-col-100 elementor-top-column elementor-element elementor-element-87a2862\" data-id=\"87a2862\" data-element_type=\"column\" data-e-type=\"column\">\n\t\t\t<div class=\"elementor-widget-wrap elementor-element-populated\">\n\t\t\t\t\t\t<div class=\"elementor-element elementor-element-e11c06a elementor-widget elementor-widget-text-editor\" data-id=\"e11c06a\" data-element_type=\"widget\" data-e-type=\"widget\" data-widget_type=\"text-editor.default\">\n\t\t\t\t<div class=\"elementor-widget-container\">\n\t\t\t\t\t\t\t\t\t<p>Le but de l\u2019association est de cr\u00e9er des conditions optimales afin d&rsquo;encourager le d\u00e9veloppement du secteur de l&rsquo;\u00e9conomie et des services. Elle favorise en outre les \u00e9changes formels et informels entre ses membres.<\/p>\n<p>L\u2019association repr\u00e9sente les int\u00e9r\u00eats et positions communs de ses membres tant vis-\u00e0-vis des acteurs du secteur des hautes \u00e9coles suisses que vis-\u00e0-vis des pouvoirs \u00e9conomiques, de la soci\u00e9t\u00e9 civile, des m\u00e9dias et du secteur politique.<\/p>\n<p>L&rsquo;association est neutre sur le plan confessionnel et politique et ne poursuit pas de buts \u00e9conomiques.<\/p>\n\t\t\t\t\t\t\t\t<\/div>\n\t\t\t\t<\/div>\n\t\t\t\t\t<\/div>\n\t\t<\/div>\n\t\t\t\t\t<\/div>\n\t\t<\/section>\n\t\t\t\t<\/div>\n\t\t","protected":false},"excerpt":{"rendered":"<p>Portrait L\u2019Association of Management Schools Switzerland (AMS) est l\u2019association des d\u00e9partements de Business Administration des hautes \u00e9coles sp\u00e9cialis\u00e9es suisses. L\u2019AMS a \u00e9t\u00e9 fond\u00e9e en 2009. Statuts Le but de l\u2019association est de cr\u00e9er des conditions optimales afin d&rsquo;encourager le d\u00e9veloppement du secteur de l&rsquo;\u00e9conomie et des services. Elle favorise en outre les \u00e9changes formels et [&hellip;]<\/p>\n","protected":false},"author":1,"featured_media":5134,"parent":0,"menu_order":0,"comment_status":"closed","ping_status":"closed","template":"elementor_theme","meta":{"footnotes":""},"class_list":["post-2457","page","type-page","status-publish","has-post-thumbnail","hentry"],"_links":{"self":[{"href":"https:\/\/ams-switzerland.ch\/fr\/wp-json\/wp\/v2\/pages\/2457","targetHints":{"allow":["GET"]}}],"collection":[{"href":"https:\/\/ams-switzerland.ch\/fr\/wp-json\/wp\/v2\/pages"}],"about":[{"href":"https:\/\/ams-switzerland.ch\/fr\/wp-json\/wp\/v2\/types\/page"}],"author":[{"embeddable":true,"href":"https:\/\/ams-switzerland.ch\/fr\/wp-json\/wp\/v2\/users\/1"}],"replies":[{"embeddable":true,"href":"https:\/\/ams-switzerland.ch\/fr\/wp-json\/wp\/v2\/comments?post=2457"}],"version-history":[{"count":13,"href":"https:\/\/ams-switzerland.ch\/fr\/wp-json\/wp\/v2\/pages\/2457\/revisions"}],"predecessor-version":[{"id":5399,"href":"https:\/\/ams-switzerland.ch\/fr\/wp-json\/wp\/v2\/pages\/2457\/revisions\/5399"}],"wp:featuredmedia":[{"embeddable":true,"href":"https:\/\/ams-switzerland.ch\/fr\/wp-json\/wp\/v2\/media\/5134"}],"wp:attachment":[{"href":"https:\/\/ams-switzerland.ch\/fr\/wp-json\/wp\/v2\/media?parent=2457"}],"curies":[{"name":"wp","href":"https:\/\/api.w.org\/{rel}","templated":true}]}}